{"id":5049,"date":"2025-03-06T13:08:20","date_gmt":"2025-03-06T12:08:20","guid":{"rendered":"https:\/\/hotelimperatori.biz\/?page_id=5049"},"modified":"2025-07-01T16:55:03","modified_gmt":"2025-07-01T14:55:03","slug":"servizi-family","status":"publish","type":"page","link":"https:\/\/hotelimperatori.biz\/en\/servizi-family\/","title":{"rendered":"Servizi Family"},"content":{"rendered":"\t\t<div data-elementor-type=\"wp-page\" data-elementor-id=\"5049\" class=\"elementor elementor-5049\" data-elementor-post-type=\"page\">\n\t\t\t\t\t\t<section data-particle_enable=\"false\" data-particle-mobile-disabled=\"false\" class=\"elementor-section elementor-top-section elementor-element elementor-element-6f304b7 elementor-section-height-min-height elementor-section-full_width elementor-section-height-default elementor-section-items-middle\" data-id=\"6f304b7\" data-element_type=\"section\" data-e-type=\"section\" data-settings=\"{&quot;background_background&quot;:&quot;slideshow&quot;,&quot;background_slideshow_gallery&quot;:[{&quot;id&quot;:5058,&quot;url&quot;:&quot;https:\\\/\\\/hotelimperatori.biz\\\/wp-content\\\/uploads\\\/2025\\\/03\\\/smiling-family-of-four-in-the-hotel-lobby-check-in-at-the-reception-for-vacation-.jpg&quot;}],&quot;background_slideshow_transition_duration&quot;:2000,&quot;background_slideshow_ken_burns&quot;:&quot;yes&quot;,&quot;background_slideshow_loop&quot;:&quot;yes&quot;,&quot;background_slideshow_slide_duration&quot;:5000,&quot;background_slideshow_slide_transition&quot;:&quot;fade&quot;,&quot;background_slideshow_ken_burns_zoom_direction&quot;:&quot;in&quot;}\">\n\t\t\t\t\t\t\t<div class=\"elementor-background-overlay\"><\/div>\n\t\t\t\t\t\t\t<div class=\"elementor-container elementor-column-gap-default\">\n\t\t\t\t\t<div class=\"elementor-column elementor-col-100 elementor-top-column elementor-element elementor-element-cf758c6\" data-id=\"cf758c6\" data-element_type=\"column\" data-e-type=\"column\">\n\t\t\t<div class=\"elementor-widget-wrap elementor-element-populated\">\n\t\t\t\t\t\t<div class=\"elementor-element elementor-element-b530182 elementor-widget elementor-widget-heading\" data-id=\"b530182\" data-element_type=\"widget\" data-e-type=\"widget\" data-widget_type=\"heading.default\">\n\t\t\t\t<div class=\"elementor-widget-container\">\n\t\t\t\t\t<h2 class=\"elementor-heading-title elementor-size-default\">HOTEL<br>\nIMPERATORI<\/h2>\t\t\t\t<\/div>\n\t\t\t\t<\/div>\n\t\t\t\t<div class=\"elementor-element elementor-element-d251d95 elementor-widget elementor-widget-image\" data-id=\"d251d95\" data-element_type=\"widget\" data-e-type=\"widget\" data-widget_type=\"image.default\">\n\t\t\t\t<div class=\"elementor-widget-container\">\n\t\t\t\t\t\t\t\t\t\t\t\t\t\t\t<img decoding=\"async\" width=\"300\" height=\"67\" src=\"https:\/\/hotelimperatori.biz\/wp-content\/uploads\/2024\/04\/4Stelle-bianche.grandi-300x67.png\" class=\"attachment-medium size-medium wp-image-2339\" alt=\"4stelle bianche.grandi\" srcset=\"https:\/\/hotelimperatori.biz\/wp-content\/uploads\/2024\/04\/4Stelle-bianche.grandi-300x67.png 300w, https:\/\/hotelimperatori.biz\/wp-content\/uploads\/2024\/04\/4Stelle-bianche.grandi-1024x230.png 1024w, https:\/\/hotelimperatori.biz\/wp-content\/uploads\/2024\/04\/4Stelle-bianche.grandi-768x173.png 768w, https:\/\/hotelimperatori.biz\/wp-content\/uploads\/2024\/04\/4Stelle-bianche.grandi-1536x345.png 1536w, https:\/\/hotelimperatori.biz\/wp-content\/uploads\/2024\/04\/4Stelle-bianche.grandi-2048x461.png 2048w, https:\/\/hotelimperatori.biz\/wp-content\/uploads\/2024\/04\/4Stelle-bianche.grandi-600x135.png 600w\" sizes=\"(max-width: 300px) 100vw, 300px\" \/>\t\t\t\t\t\t\t\t\t\t\t\t\t\t\t<\/div>\n\t\t\t\t<\/div>\n\t\t\t\t\t<\/div>\n\t\t<\/div>\n\t\t\t\t\t<\/div>\n\t\t<\/section>\n\t\t\t\t<section data-particle_enable=\"false\" data-particle-mobile-disabled=\"false\" class=\"elementor-section elementor-top-section elementor-element elementor-element-9092330 animated-slow elementor-section-full_width elementor-section-height-default elementor-section-height-default\" data-id=\"9092330\" data-element_type=\"section\" data-e-type=\"section\" data-settings=\"{&quot;background_background&quot;:&quot;classic&quot;,&quot;animation&quot;:&quot;none&quot;,&quot;animation_mobile&quot;:&quot;fadeInUp&quot;}\">\n\t\t\t\t\t\t<div class=\"elementor-container elementor-column-gap-default\">\n\t\t\t\t\t<div class=\"elementor-column elementor-col-100 elementor-top-column elementor-element elementor-element-d30d050\" data-id=\"d30d050\" data-element_type=\"column\" data-e-type=\"column\">\n\t\t\t<div class=\"elementor-widget-wrap elementor-element-populated\">\n\t\t\t\t\t\t<div class=\"elementor-element elementor-element-d6a52c8 elementor-invisible elementor-widget elementor-widget-heading\" data-id=\"d6a52c8\" data-element_type=\"widget\" data-e-type=\"widget\" data-settings=\"{&quot;_animation&quot;:&quot;fadeInRight&quot;,&quot;_animation_mobile&quot;:&quot;none&quot;}\" data-widget_type=\"heading.default\">\n\t\t\t\t<div class=\"elementor-widget-container\">\n\t\t\t\t\t<h2 class=\"elementor-heading-title elementor-size-default\">Servizi Family<\/h2>\t\t\t\t<\/div>\n\t\t\t\t<\/div>\n\t\t\t\t<section data-particle_enable=\"false\" data-particle-mobile-disabled=\"false\" class=\"elementor-section elementor-inner-section elementor-element elementor-element-f187f8c elementor-section-boxed elementor-section-height-default elementor-section-height-default\" data-id=\"f187f8c\" data-element_type=\"section\" data-e-type=\"section\">\n\t\t\t\t\t\t<div class=\"elementor-container elementor-column-gap-default\">\n\t\t\t\t\t<div class=\"elementor-column elementor-col-100 elementor-inner-column elementor-element elementor-element-c1077dc\" data-id=\"c1077dc\" data-element_type=\"column\" data-e-type=\"column\">\n\t\t\t<div class=\"elementor-widget-wrap elementor-element-populated\">\n\t\t\t\t\t\t<div class=\"elementor-element elementor-element-95d73f4 elementor-widget__width-initial elementor-widget elementor-widget-text-editor\" data-id=\"95d73f4\" data-element_type=\"widget\" data-e-type=\"widget\" data-widget_type=\"text-editor.default\">\n\t\t\t\t<div class=\"elementor-widget-container\">\n\t\t\t\t\t\t\t\t\t<p>Hotel Imperatori per \u00a0i genitori che viaggiano con bambini, mette a disposizione la Family\u00a0 Superior Room, la soluzione ideale per le famiglie: due camere comunicanti tramite una porta interna o due stanze indipendenti con anticamera ad accesso esclusivo,\u00a0 per una maggiore privacy e tranquillit\u00e0. Per i bambini pi\u00f9 piccoli, \u00e8 possibile richiedere una culla in camera al momento della prenotazione, soggetta a disponibilit\u00e0. Inoltre alla reception troverete dei simpatici gadget per una vacanza all&#8217;insegna della serenit\u00e0 e felicit\u00e0.<\/p>\t\t\t\t\t\t\t\t<\/div>\n\t\t\t\t<\/div>\n\t\t\t\t\t<\/div>\n\t\t<\/div>\n\t\t\t\t\t<\/div>\n\t\t<\/section>\n\t\t\t\t\t<\/div>\n\t\t<\/div>\n\t\t\t\t\t<\/div>\n\t\t<\/section>\n\t\t\t\t<section data-particle_enable=\"false\" data-particle-mobile-disabled=\"false\" class=\"elementor-section elementor-top-section elementor-element elementor-element-f7f855b elementor-section-height-min-height elementor-section-items-stretch elementor-section-boxed elementor-section-height-default\" data-id=\"f7f855b\" data-element_type=\"section\" data-e-type=\"section\">\n\t\t\t\t\t\t<div class=\"elementor-container elementor-column-gap-no\">\n\t\t\t\t\t<div class=\"elementor-column elementor-col-100 elementor-top-column elementor-element elementor-element-dbb7cd2 elementor-invisible\" data-id=\"dbb7cd2\" data-element_type=\"column\" data-e-type=\"column\" data-settings=\"{&quot;animation&quot;:&quot;fadeInRight&quot;}\">\n\t\t\t<div class=\"elementor-widget-wrap elementor-element-populated\">\n\t\t\t\t\t\t<div class=\"elementor-element elementor-element-b71a173 elementor-widget elementor-widget-image\" data-id=\"b71a173\" data-element_type=\"widget\" data-e-type=\"widget\" data-widget_type=\"image.default\">\n\t\t\t\t<div class=\"elementor-widget-container\">\n\t\t\t\t\t\t\t\t\t\t\t\t\t\t\t<img fetchpriority=\"high\" decoding=\"async\" width=\"2000\" height=\"1333\" src=\"https:\/\/hotelimperatori.biz\/wp-content\/uploads\/2025\/03\/toddler-kid-in-hotel-room-looking-at-old-phone.jpg\" class=\"attachment-full size-full wp-image-5153\" alt=\"toddler kid in hotel room looking at old phone\" srcset=\"https:\/\/hotelimperatori.biz\/wp-content\/uploads\/2025\/03\/toddler-kid-in-hotel-room-looking-at-old-phone.jpg 2000w, https:\/\/hotelimperatori.biz\/wp-content\/uploads\/2025\/03\/toddler-kid-in-hotel-room-looking-at-old-phone-300x200.jpg 300w, https:\/\/hotelimperatori.biz\/wp-content\/uploads\/2025\/03\/toddler-kid-in-hotel-room-looking-at-old-phone-1024x682.jpg 1024w, https:\/\/hotelimperatori.biz\/wp-content\/uploads\/2025\/03\/toddler-kid-in-hotel-room-looking-at-old-phone-768x512.jpg 768w, https:\/\/hotelimperatori.biz\/wp-content\/uploads\/2025\/03\/toddler-kid-in-hotel-room-looking-at-old-phone-1536x1024.jpg 1536w, https:\/\/hotelimperatori.biz\/wp-content\/uploads\/2025\/03\/toddler-kid-in-hotel-room-looking-at-old-phone-18x12.jpg 18w, https:\/\/hotelimperatori.biz\/wp-content\/uploads\/2025\/03\/toddler-kid-in-hotel-room-looking-at-old-phone-600x400.jpg 600w\" sizes=\"(max-width: 2000px) 100vw, 2000px\" \/>\t\t\t\t\t\t\t\t\t\t\t\t\t\t\t<\/div>\n\t\t\t\t<\/div>\n\t\t\t\t\t<\/div>\n\t\t<\/div>\n\t\t\t\t\t<\/div>\n\t\t<\/section>\n\t\t\t\t<section data-particle_enable=\"false\" data-particle-mobile-disabled=\"false\" class=\"elementor-section elementor-top-section elementor-element elementor-element-077dcb4 elementor-section-boxed elementor-section-height-default elementor-section-height-default elementor-invisible\" data-id=\"077dcb4\" data-element_type=\"section\" data-e-type=\"section\" data-settings=\"{&quot;background_background&quot;:&quot;classic&quot;,&quot;animation&quot;:&quot;fadeInUp&quot;}\">\n\t\t\t\t\t\t<div class=\"elementor-container elementor-column-gap-default\">\n\t\t\t\t\t<div class=\"elementor-column elementor-col-100 elementor-top-column elementor-element elementor-element-2e5c2a7\" data-id=\"2e5c2a7\" data-element_type=\"column\" data-e-type=\"column\" data-settings=\"{&quot;background_background&quot;:&quot;classic&quot;}\">\n\t\t\t<div class=\"elementor-widget-wrap elementor-element-populated\">\n\t\t\t\t\t\t<div class=\"elementor-element elementor-element-dd847fe elementor-invisible elementor-widget elementor-widget-heading\" data-id=\"dd847fe\" data-element_type=\"widget\" data-e-type=\"widget\" data-settings=\"{&quot;_animation&quot;:&quot;fadeInUp&quot;}\" data-widget_type=\"heading.default\">\n\t\t\t\t<div class=\"elementor-widget-container\">\n\t\t\t\t\t<h2 class=\"elementor-heading-title elementor-size-default\">La famiglia al centro del nostro Hotel<\/h2>\t\t\t\t<\/div>\n\t\t\t\t<\/div>\n\t\t\t\t<div class=\"elementor-element elementor-element-38ade79 elementor-widget-divider--view-line elementor-invisible elementor-widget elementor-widget-divider\" data-id=\"38ade79\" data-element_type=\"widget\" data-e-type=\"widget\" data-settings=\"{&quot;_animation&quot;:&quot;fadeInUp&quot;}\" data-widget_type=\"divider.default\">\n\t\t\t\t<div class=\"elementor-widget-container\">\n\t\t\t\t\t\t\t<div class=\"elementor-divider\">\n\t\t\t<span class=\"elementor-divider-separator\">\n\t\t\t\t\t\t<\/span>\n\t\t<\/div>\n\t\t\t\t\t\t<\/div>\n\t\t\t\t<\/div>\n\t\t<div data-particle_enable=\"false\" data-particle-mobile-disabled=\"false\" class=\"elementor-element elementor-element-68f57ea e-con-full e-flex e-con e-parent\" data-id=\"68f57ea\" data-element_type=\"container\" data-e-type=\"container\" data-settings=\"{&quot;background_background&quot;:&quot;gradient&quot;}\">\n\t\t\t\t<div class=\"elementor-element elementor-element-b62d4ed elementor-widget elementor-widget-heading\" data-id=\"b62d4ed\" data-element_type=\"widget\" data-e-type=\"widget\" data-widget_type=\"heading.default\">\n\t\t\t\t<div class=\"elementor-widget-container\">\n\t\t\t\t\t<h2 class=\"elementor-heading-title elementor-size-default\">Camere Family comunicanti\n<br> Culla in camera su richiesta<br>Men\u00f9 per bambini<br>Kit di benvenuto<\/h2>\t\t\t\t<\/div>\n\t\t\t\t<\/div>\n\t\t\t\t<\/div>\n\t\t\t\t\t<\/div>\n\t\t<\/div>\n\t\t\t\t\t<\/div>\n\t\t<\/section>\n\t\t\t\t<\/div>\n\t\t","protected":false},"excerpt":{"rendered":"<p>HOTEL IMPERATORI Servizi Family Hotel Imperatori per \u00a0i genitori che viaggiano con bambini, mette a disposizione la Family\u00a0 Superior Room, la soluzione ideale per le famiglie: due camere comunicanti tramite una porta interna o due stanze indipendenti con anticamera ad accesso esclusivo,\u00a0 per una maggiore privacy e tranquillit\u00e0. Per i bambini pi\u00f9 piccoli, \u00e8 possibile [&hellip;]<\/p>\n","protected":false},"author":1,"featured_media":0,"parent":0,"menu_order":0,"comment_status":"closed","ping_status":"closed","template":"","meta":{"_seopress_robots_primary_cat":"","_seopress_titles_title":"","_seopress_titles_desc":"","_seopress_robots_index":"","footnotes":""},"class_list":["post-5049","page","type-page","status-publish"],"_links":{"self":[{"href":"https:\/\/hotelimperatori.biz\/en\/wp-json\/wp\/v2\/pages\/5049","targetHints":{"allow":["GET"]}}],"collection":[{"href":"https:\/\/hotelimperatori.biz\/en\/wp-json\/wp\/v2\/pages"}],"about":[{"href":"https:\/\/hotelimperatori.biz\/en\/wp-json\/wp\/v2\/types\/page"}],"author":[{"embeddable":true,"href":"https:\/\/hotelimperatori.biz\/en\/wp-json\/wp\/v2\/users\/1"}],"replies":[{"embeddable":true,"href":"https:\/\/hotelimperatori.biz\/en\/wp-json\/wp\/v2\/comments?post=5049"}],"version-history":[{"count":5,"href":"https:\/\/hotelimperatori.biz\/en\/wp-json\/wp\/v2\/pages\/5049\/revisions"}],"predecessor-version":[{"id":5836,"href":"https:\/\/hotelimperatori.biz\/en\/wp-json\/wp\/v2\/pages\/5049\/revisions\/5836"}],"wp:attachment":[{"href":"https:\/\/hotelimperatori.biz\/en\/wp-json\/wp\/v2\/media?parent=5049"}],"curies":[{"name":"wp","href":"https:\/\/api.w.org\/{rel}","templated":true}]}}